{"id":137,"date":"2023-02-14T08:42:36","date_gmt":"2023-02-14T07:42:36","guid":{"rendered":"http:\/\/grit-uhlig.de\/?page_id=137"},"modified":"2025-10-17T14:42:27","modified_gmt":"2025-10-17T12:42:27","slug":"impressum","status":"publish","type":"page","link":"https:\/\/grit-uhlig.de\/?page_id=137","title":{"rendered":"Impressum"},"content":{"rendered":"<div style=\"position: absolute; left: 69%; top: 16%;\"><img loading=\"lazy\" decoding=\"async\" class=\"alignnone wp-image-40\" style=\"border-radius: 15px; border: 10px solid #cccccc;\" src=\"https:\/\/grit-uhlig.de\/wp-content\/uploads\/2023\/03\/GritUhlig002-240x300.jpg\" alt=\"\" width=\"150\" height=\"180\" \/><\/div>\n<div dir=\"auto\">Grit Schnekenb\u00fchl<br \/>\nS\u00e4ntisweg 1<br \/>\n88633 Heiligenberg<br \/>\nMail: gu@gvg-rv.de<br \/>\nInstagram: ver_wunder_lich<br \/>\nHomepage: grit-uhlig.de<\/div>\n<p>Verantwortlich f\u00fcr die Inhalte dieser Seite: Grit Schnekenb\u00fchl<\/p>\n<p><strong>Haftungsausschluss<br \/>\n<\/strong>Wir sind bem\u00fcht, f\u00fcr die Richtigkeit und Aktualit\u00e4t aller auf dieser Website enthaltenen Informationen und Daten zu sorgen. Eine Haftung oder Garantie f\u00fcr die Aktualit\u00e4t, Richtigkeit und Vollst\u00e4ndigkeit der zur Verf\u00fcgung gestellten Informationen und Daten ist jedoch ausgeschlossen. Dies gilt ebenso f\u00fcr alle anderen Websites, auf die mittels eines Hyperlinks verwiesen wird. Der Inhalt der Websites ist urheberrechtlich gesch\u00fctzt. Die Vervielf\u00e4ltigung von Informationen oder Daten, insbesondere die Verwendung von Texten, Textseiten oder Bildmaterial bedarf der vorherigen Zustimmung.<\/p>\n<p><strong>Datenschutz<br \/>\n<\/strong>Wir beachten die Richtlinen des geltenden Datenschutzgesetzes (BDSG) und Telemediengesetzes (TMG). \u00dcbermittelte pers\u00f6nliche Daten werden nicht gespeichert oder zu Zwecken verwendet, denen Sie nicht zugestimmt haben m\u00fcssten. Bitte informieren Sie sich \u00fcber folgende Tools bei uns und pr\u00fcfen auch die Datenschutzbestimmungen der Anbieter:<\/p>\n<p><strong>Facebook<br \/>\n<\/strong>Der Facebook *iLike* Button kann pers\u00f6nliche Nutzerdaten an Facebook \u00fcbermitteln. Wir speichern diese Daten nicht. <strong><br \/>\n<\/strong><\/p>\n","protected":false},"excerpt":{"rendered":"<p>Grit Schnekenb\u00fchl S\u00e4ntisweg 1 88633 Heiligenberg Mail: gu@gvg-rv.de Instagram: ver_wunder_lich Homepage: grit-uhlig.de Verantwortlich f\u00fcr die Inhalte dieser Seite: Grit Schnekenb\u00fchl Haftungsausschluss Wir sind bem\u00fcht, f\u00fcr die Richtigkeit und Aktualit\u00e4t aller auf dieser Website enthaltenen Informationen und Daten zu sorgen. Eine Haftung oder Garantie f\u00fcr die Aktualit\u00e4t, Richtigkeit und Vollst\u00e4ndigkeit der zur Verf\u00fcgung gestellten Informationen und&hellip;&nbsp;<a href=\"https:\/\/grit-uhlig.de\/?page_id=137\" rel=\"bookmark\">Weiterlesen &raquo;<span class=\"screen-reader-text\">Impressum<\/span><\/a><\/p>\n","protected":false},"author":1,"featured_media":0,"parent":0,"menu_order":0,"comment_status":"closed","ping_status":"closed","template":"","meta":{"neve_meta_sidebar":"","neve_meta_container":"","neve_meta_enable_content_width":"on","neve_meta_content_width":80,"neve_meta_title_alignment":"","neve_meta_author_avatar":"","neve_post_elements_order":"","neve_meta_disable_header":"","neve_meta_disable_footer":"","neve_meta_disable_title":"","two_page_speed":[],"footnotes":""},"class_list":["post-137","page","type-page","status-publish","hentry"],"_links":{"self":[{"href":"https:\/\/grit-uhlig.de\/index.php?rest_route=\/wp\/v2\/pages\/137","targetHints":{"allow":["GET"]}}],"collection":[{"href":"https:\/\/grit-uhlig.de\/index.php?rest_route=\/wp\/v2\/pages"}],"about":[{"href":"https:\/\/grit-uhlig.de\/index.php?rest_route=\/wp\/v2\/types\/page"}],"author":[{"embeddable":true,"href":"https:\/\/grit-uhlig.de\/index.php?rest_route=\/wp\/v2\/users\/1"}],"replies":[{"embeddable":true,"href":"https:\/\/grit-uhlig.de\/index.php?rest_route=%2Fwp%2Fv2%2Fcomments&post=137"}],"version-history":[{"count":12,"href":"https:\/\/grit-uhlig.de\/index.php?rest_route=\/wp\/v2\/pages\/137\/revisions"}],"predecessor-version":[{"id":757,"href":"https:\/\/grit-uhlig.de\/index.php?rest_route=\/wp\/v2\/pages\/137\/revisions\/757"}],"wp:attachment":[{"href":"https:\/\/grit-uhlig.de\/index.php?rest_route=%2Fwp%2Fv2%2Fmedia&parent=137"}],"curies":[{"name":"wp","href":"https:\/\/api.w.org\/{rel}","templated":true}]}}